{"id":2,"date":"2025-12-17T00:01:51","date_gmt":"2025-12-16T23:01:51","guid":{"rendered":"https:\/\/www.ahilfitnes.com\/?page_id=2"},"modified":"2025-12-17T00:01:51","modified_gmt":"2025-12-16T23:01:51","slug":"vzorcna-stran","status":"publish","type":"page","link":"https:\/\/www.ahilfitnes.com\/index.php\/vzorcna-stran\/","title":{"rendered":"Vzor\u010dna stran"},"content":{"rendered":"\n<p>To je vzor\u010dna stran. Druga\u010dna je od prispevka bloga, ker bo ostala na mestu in se bo v ve\u010dini tem prikazala v navigaciji spleti\u0161\u010da. Ve\u010dina ljudi za\u010dne s stranjo O meni, ki jih predstavi potencialnim obiskovalcem spleti\u0161\u010da. V njej je lahko nekaj podobnega kot to:<\/p>\n\n\n\n<blockquote class=\"wp-block-quote is-layout-flow wp-block-quote-is-layout-flow\">\n\n<p>Pozdravljeni! Podnevi sem kolesarski kurir, pono\u010di ambiciozni igralec in to je moje spleti\u0161\u010de. \u017divim v Los Angelesu, imam odli\u010dnega psa Jacka in rad imam pi&#038;#241a Colado. (In pustim se ujeti v de\u017eju.)<\/p>\n\n<\/blockquote>\n\n\n\n<p>&#8230; ali nekaj takega:<\/p>\n\n\n\n<blockquote class=\"wp-block-quote is-layout-flow wp-block-quote-is-layout-flow\">\n\n<p>Podjetje XYZ Doohickey Company je bila ustanovljena leta 1971 in od takrat javnosti ponuja kakovostne neimenovane izdelke. Nahaja se v Gotham Cityju, zaposluje ve\u010d kot 2.000 ljudi in po\u010dne vse mogo\u010de \u010dudovite stvari za Gothamsko skupnost.<\/p>\n\n<\/blockquote>\n\n\n\n<p>Kot nov uporabnik WordPressa bi morali obiskati va\u0161o <a href=\"https:\/\/www.ahilfitnes.com\/wp-admin\/\">nadzorno plo\u0161\u010do<\/a> za izbris te strani in ustvaritev novih strani za va\u0161o vsebino. Zabavajte se!<\/p>\n","protected":false},"excerpt":{"rendered":"<p>To je vzor\u010dna stran. Druga\u010dna je od prispevka bloga, ker bo ostala na mestu in se bo v ve\u010dini tem [&hellip;]<\/p>\n","protected":false},"author":1,"featured_media":0,"parent":0,"menu_order":0,"comment_status":"closed","ping_status":"open","template":"","meta":{"site-sidebar-layout":"default","site-content-layout":"","ast-site-content-layout":"default","site-content-style":"default","site-sidebar-style":"default","ast-global-header-display":"","ast-banner-title-visibility":"","ast-main-header-display":"","ast-hfb-above-header-display":"","ast-hfb-below-header-display":"","ast-hfb-mobile-header-display":"","site-post-title":"","ast-breadcrumbs-content":"","ast-featured-img":"","footer-sml-layout":"","ast-disable-related-posts":"","theme-transparent-header-meta":"","adv-header-id-meta":"","stick-header-meta":"","header-above-stick-meta":"","header-main-stick-meta":"","header-below-stick-meta":"","astra-migrate-meta-layouts":"default","ast-page-background-enabled":"default","ast-page-background-meta":{"desktop":{"background-color":"var(--ast-global-color-5)","background-image":"","background-repeat":"repeat","background-position":"center center","background-size":"auto","background-attachment":"scroll","background-type":"","background-media":"","overlay-type":"","overlay-color":"","overlay-opacity":"","overlay-gradient":""},"tablet":{"background-color":"","background-image":"","background-repeat":"repeat","background-position":"center center","background-size":"auto","background-attachment":"scroll","background-type":"","background-media":"","overlay-type":"","overlay-color":"","overlay-opacity":"","overlay-gradient":""},"mobile":{"background-color":"","background-image":"","background-repeat":"repeat","background-position":"center center","background-size":"auto","background-attachment":"scroll","background-type":"","background-media":"","overlay-type":"","overlay-color":"","overlay-opacity":"","overlay-gradient":""}},"ast-content-background-meta":{"desktop":{"background-color":"var(--ast-global-color-4)","background-image":"","background-repeat":"repeat","background-position":"center center","background-size":"auto","background-attachment":"scroll","background-type":"","background-media":"","overlay-type":"","overlay-color":"","overlay-opacity":"","overlay-gradient":""},"tablet":{"background-color":"var(--ast-global-color-4)","background-image":"","background-repeat":"repeat","background-position":"center center","background-size":"auto","background-attachment":"scroll","background-type":"","background-media":"","overlay-type":"","overlay-color":"","overlay-opacity":"","overlay-gradient":""},"mobile":{"background-color":"var(--ast-global-color-4)","background-image":"","background-repeat":"repeat","background-position":"center center","background-size":"auto","background-attachment":"scroll","background-type":"","background-media":"","overlay-type":"","overlay-color":"","overlay-opacity":"","overlay-gradient":""}},"footnotes":""},"class_list":["post-2","page","type-page","status-publish","hentry"],"aioseo_notices":[],"jetpack_sharing_enabled":true,"_links":{"self":[{"href":"https:\/\/www.ahilfitnes.com\/index.php\/wp-json\/wp\/v2\/pages\/2","targetHints":{"allow":["GET"]}}],"collection":[{"href":"https:\/\/www.ahilfitnes.com\/index.php\/wp-json\/wp\/v2\/pages"}],"about":[{"href":"https:\/\/www.ahilfitnes.com\/index.php\/wp-json\/wp\/v2\/types\/page"}],"author":[{"embeddable":true,"href":"https:\/\/www.ahilfitnes.com\/index.php\/wp-json\/wp\/v2\/users\/1"}],"replies":[{"embeddable":true,"href":"https:\/\/www.ahilfitnes.com\/index.php\/wp-json\/wp\/v2\/comments?post=2"}],"version-history":[{"count":0,"href":"https:\/\/www.ahilfitnes.com\/index.php\/wp-json\/wp\/v2\/pages\/2\/revisions"}],"wp:attachment":[{"href":"https:\/\/www.ahilfitnes.com\/index.php\/wp-json\/wp\/v2\/media?parent=2"}],"curies":[{"name":"wp","href":"https:\/\/api.w.org\/{rel}","templated":true}]}}